{"id":987757,"date":"2023-10-08T19:11:22","date_gmt":"2023-10-08T19:11:22","guid":{"rendered":"https:\/\/lujduj.al\/?post_type=product&#038;p=987757"},"modified":"2023-10-08T19:11:37","modified_gmt":"2023-10-08T19:11:37","slug":"lodrat-montesori","status":"publish","type":"product","link":"https:\/\/lujduj.al\/?product=lodrat-montesori","title":{"rendered":"Lodrat Montesori"},"content":{"rendered":"<div class=\"vgblk-rw-wrapper limit-wrapper\">Filozofia Montessori thekson t\u00eb m\u00ebsuarit praktik dhe t\u00eb vet\u00eb-drejtuar p\u00ebrmes eksplorimit dhe zbulimit. Nd\u00ebrsa \u00e7do lod\u00ebr q\u00eb mb\u00ebshtet k\u00ebto parime mund t\u00eb konsiderohet nj\u00eb lod\u00ebr Montessori, disa shembuj t\u00eb njohur p\u00ebrfshijn\u00eb:<br \/>\n1. Blloqe druri dhe enigma<br \/>\n2. Folezimi dhe grumbullimi i lodrave<br \/>\n3. Ndar\u00ebsit e form\u00ebs<br \/>\n4. Shishe dhe topa ndijor<br \/>\n5. Luaj grupe kuzhine dhe lodra ushqimore<br \/>\n6. Kukulla me veshje dhe sht\u00ebpi kukullash<br \/>\n7. Furnizime arti dhe pajisje artizanale<br \/>\n8. Vegla muzikore dhe lodra ritmi<br \/>\n9. Komplete nd\u00ebrtimi dhe nd\u00ebrtimi<br \/>\n10. Komplete p\u00ebr eksplorimin e shkenc\u00ebs dhe natyr\u00ebs.\n<\/div>\n<p><!-- .vgblk-rw-wrapper --><\/p>\n","protected":false},"excerpt":{"rendered":"<p>Filozofia Montessori thekson t\u00eb m\u00ebsuarit praktik dhe t\u00eb vet\u00eb-drejtuar p\u00ebrmes eksplorimit dhe zbulimit. Nd\u00ebrsa \u00e7do lod\u00ebr q\u00eb mb\u00ebshtet k\u00ebto parime mund t\u00eb konsiderohet nj\u00eb lod\u00ebr Montessori, disa shembuj t\u00eb njohur p\u00ebrfshijn\u00eb: 1. Blloqe druri dhe enigma 2. Folezimi dhe grumbullimi i lodrave 3. Ndar\u00ebsit e form\u00ebs 4. Shishe dhe topa ndijor 5. Luaj grupe kuzhine&#8230;<\/p>\n","protected":false},"featured_media":987758,"comment_status":"closed","ping_status":"closed","template":"","meta":[],"product_cat":[306,304],"product_tag":[],"class_list":{"0":"post-987757","1":"product","2":"type-product","3":"status-publish","4":"has-post-thumbnail","6":"product_cat-lodra-zbavitese","7":"product_cat-luj-duj","9":"first","10":"instock","11":"shipping-taxable","12":"purchasable","13":"product-type-simple"},"_links":{"self":[{"href":"https:\/\/lujduj.al\/index.php?rest_route=\/wp\/v2\/product\/987757","targetHints":{"allow":["GET"]}}],"collection":[{"href":"https:\/\/lujduj.al\/index.php?rest_route=\/wp\/v2\/product"}],"about":[{"href":"https:\/\/lujduj.al\/index.php?rest_route=\/wp\/v2\/types\/product"}],"replies":[{"embeddable":true,"href":"https:\/\/lujduj.al\/index.php?rest_route=%2Fwp%2Fv2%2Fcomments&post=987757"}],"version-history":[{"count":1,"href":"https:\/\/lujduj.al\/index.php?rest_route=\/wp\/v2\/product\/987757\/revisions"}],"predecessor-version":[{"id":987759,"href":"https:\/\/lujduj.al\/index.php?rest_route=\/wp\/v2\/product\/987757\/revisions\/987759"}],"wp:featuredmedia":[{"embeddable":true,"href":"https:\/\/lujduj.al\/index.php?rest_route=\/wp\/v2\/media\/987758"}],"wp:attachment":[{"href":"https:\/\/lujduj.al\/index.php?rest_route=%2Fwp%2Fv2%2Fmedia&parent=987757"}],"wp:term":[{"taxonomy":"product_cat","embeddable":true,"href":"https:\/\/lujduj.al\/index.php?rest_route=%2Fwp%2Fv2%2Fproduct_cat&post=987757"},{"taxonomy":"product_tag","embeddable":true,"href":"https:\/\/lujduj.al\/index.php?rest_route=%2Fwp%2Fv2%2Fproduct_tag&post=987757"}],"curies":[{"name":"wp","href":"https:\/\/api.w.org\/{rel}","templated":true}]}}