{"id":987751,"date":"2023-10-08T19:05:08","date_gmt":"2023-10-08T19:05:08","guid":{"rendered":"https:\/\/lujduj.al\/?post_type=product&#038;p=987751"},"modified":"2023-10-08T19:05:08","modified_gmt":"2023-10-08T19:05:08","slug":"histori-tregimi-universi","status":"publish","type":"product","link":"https:\/\/lujduj.al\/?product=histori-tregimi-universi","title":{"rendered":"Histori Tregimi \u2013 Universi"},"content":{"rendered":"<div class=\"vgblk-rw-wrapper limit-wrapper\"><strong><u>DIELLI<\/u><\/strong><\/p>\n<p>Dielli nuk \u00ebsht\u00eb nj\u00eb planet; \u00ebsht\u00eb nj\u00eb yll. Ai ndodhet n\u00eb qend\u00ebr t\u00eb sistemit ton\u00eb diellor dhe luan nj\u00eb rol jetik n\u00eb ruajtjen e jet\u00ebs n\u00eb Tok\u00eb. Dielli \u00ebsht\u00eb nj\u00eb top i madh gazesh t\u00eb nxehta, t\u00eb ndezura, kryesisht hidrogjen dhe helium.<\/p>\n<p>Ai l\u00ebshon drit\u00eb, nxeht\u00ebsi dhe rrezatim diellor, i cili \u00ebsht\u00eb thelb\u00ebsor p\u00ebr t\u00eb mb\u00ebshtetur fotosintez\u00ebn n\u00eb bim\u00eb dhe p\u00ebr t\u00eb siguruar ngroht\u00ebsi dhe energji p\u00ebr planetin ton\u00eb. Graviteti i Diellit mban t\u00eb gjith\u00eb planet\u00ebt, p\u00ebrfshir\u00eb Tok\u00ebn, n\u00eb orbitat e tyre.<\/p>\n<p>Dielli \u00ebsht\u00eb rreth 4.6 miliard\u00eb vjet i vjet\u00ebr dhe \u00ebsht\u00eb af\u00ebrsisht 109 her\u00eb diametri i Tok\u00ebs. \u00cbsht\u00eb aq masiv sa q\u00eb p\u00ebrb\u00ebn rreth 99.86% t\u00eb mas\u00ebs totale n\u00eb sistemin diellor. Energjia e Diellit gjenerohet p\u00ebrmes shkrirjes b\u00ebrthamore, ku atomet e hidrogjenit kombinohen p\u00ebr t\u00eb formuar heliumin, duke l\u00ebshuar nj\u00eb sasi t\u00eb jasht\u00ebzakonshme energjie n\u00eb proces.<\/p>\n<p>N\u00ebse keni pyetje t\u00eb tjera n\u00eb lidhje me Diellin apo ndonj\u00eb gj\u00eb tjet\u00ebr, mos ngurroni t\u00eb pyesni!<\/p>\n<p><strong><u>M\u00cbRKURI<\/u><\/strong><\/p>\n<p>M\u00ebrkuri \u00ebsht\u00eb me t\u00eb v\u00ebrtet\u00eb nj\u00eb planet n\u00eb sistemin ton\u00eb diellor. Ai \u00ebsht\u00eb planeti m\u00eb i af\u00ebrt me Diellin dhe \u00ebsht\u00eb gjithashtu planeti m\u00eb i vog\u00ebl n\u00eb sistemin ton\u00eb diellor. M\u00ebrkuri \u00ebsht\u00eb em\u00ebruar sipas per\u00ebndis\u00eb romake t\u00eb lajm\u00ebtarit p\u00ebr shkak t\u00eb l\u00ebvizjeve t\u00eb tij t\u00eb shpejta n\u00ebp\u00ebr qiell.<\/p>\n<p>Ka nj\u00eb sip\u00ebrfaqe shk\u00ebmbore, me kratere dhe nj\u00eb atmosfer\u00eb t\u00eb holl\u00eb. P\u00ebr shkak t\u00eb af\u00ebrsis\u00eb me Diellin, M\u00ebrkuri p\u00ebrjeton ndryshime ekstreme t\u00eb temperatur\u00ebs, me temperatura t\u00eb nxehta p\u00ebrv\u00ebluese gjat\u00eb dit\u00ebs dhe temperatura t\u00eb ftohta ngrir\u00ebse gjat\u00eb nat\u00ebs. Sip\u00ebrfaqja e saj \u00ebsht\u00eb e mbuluar me kratere, t\u00eb ngjashme me H\u00ebn\u00ebn, dhe i mungojn\u00eb h\u00ebnat e veta.<\/p>\n<p>N\u00ebse keni ndonj\u00eb pyetje specifike rreth M\u00ebrkurit ose d\u00ebshironi m\u00eb shum\u00eb informacion, mos ngurroni t\u00eb pyesni LUJ DUJ.<\/p>\n<p><strong><u>TOKA<\/u><\/strong><br \/>\nToka \u00ebsht\u00eb planeti yn\u00eb vendas dhe planeti i tret\u00eb nga Dielli. K\u00ebtu jan\u00eb disa fakte arg\u00ebtuese rreth Tok\u00ebs q\u00eb f\u00ebmij\u00ebt mund t&#8217;i duken interesante:<\/p>\n<ol>\n<li>Planeti Blu: Toka shpesh quhet &#8220;Planeti Blu&#8221; sepse rreth 70% e sip\u00ebrfaqes s\u00eb saj \u00ebsht\u00eb e mbuluar me uj\u00eb, duke i dh\u00ebn\u00eb asaj nj\u00eb pamje t\u00eb bukur blu kur shihet nga hap\u00ebsira.<\/li>\n<li>Madh\u00ebsia dhe forma: Toka \u00ebsht\u00eb planeti i pest\u00eb m\u00eb i madh n\u00eb sistemin ton\u00eb diellor. \u00cbsht\u00eb kryesisht i rrumbullak\u00ebt, por pak i rrafshuar n\u00eb pole dhe i fryr\u00eb n\u00eb ekuator.<\/li>\n<li>Atmosfera: Toka ka nj\u00eb atmosfer\u00eb unike q\u00eb mbron dhe mb\u00ebshtet jet\u00ebn. Ai p\u00ebrb\u00ebhet nga gazra t\u00eb ndrysh\u00ebm si azoti, oksigjeni dhe nj\u00eb sasi e vog\u00ebl e gazrave t\u00eb tjer\u00eb. Atmosfera ndihmon n\u00eb rregullimin e temperatur\u00ebs s\u00eb planetit dhe na mbron nga rrezet e d\u00ebmshme t\u00eb Diellit.<\/li>\n<li>Kontinentet dhe oqeanet: Toka ka shtat\u00eb kontinente &#8211; masa t\u00eb m\u00ebdha tok\u00ebsore &#8211; dhe pes\u00eb oqeane q\u00eb mbulojn\u00eb pjes\u00ebn m\u00eb t\u00eb madhe t\u00eb sip\u00ebrfaqes s\u00eb planetit. Kontinentet jan\u00eb Amerika e Veriut, Amerika e Jugut, Afrika, Evropa, Azia, Australia dhe Antarktida.<\/li>\n<li>Forma t\u00eb ndryshme t\u00eb jet\u00ebs: Toka \u00ebsht\u00eb e mbushur me nj\u00eb shum\u00ebllojshm\u00ebri t\u00eb gjer\u00eb t\u00eb formave t\u00eb jet\u00ebs, nga bim\u00ebt dhe kafsh\u00ebt tek mikroorganizmat. \u00cbsht\u00eb i vetmi planet i njohur ku ekziston jeta, duke e b\u00ebr\u00eb at\u00eb shum\u00eb t\u00eb ve\u00e7ant\u00eb.<\/li>\n<li>Stin\u00ebt dhe klima: Toka p\u00ebrjeton stin\u00eb t\u00eb ndryshme &#8211; pranver\u00eb, ver\u00eb, vjesht\u00eb dhe dim\u00ebr &#8211; p\u00ebr shkak t\u00eb boshtit t\u00eb saj t\u00eb anuar. Klima ndryshon n\u00eb mbar\u00eb bot\u00ebn, nga e nxeht\u00eb dhe e lag\u00ebsht n\u00eb t\u00eb ftoht\u00eb dhe me bor\u00eb, n\u00eb var\u00ebsi t\u00eb vendndodhjes.<\/li>\n<li>H\u00ebna: Toka ka nj\u00eb satelit natyror t\u00eb quajtur H\u00ebna. Ai rrotullohet rreth planetit ton\u00eb dhe \u00ebsht\u00eb objekti m\u00eb i ndritsh\u00ebm n\u00eb qiellin e nat\u00ebs. Graviteti i H\u00ebn\u00ebs ndikon n\u00eb baticat n\u00eb oqeanet tona.<\/li>\n<li>Qytet\u00ebrimi njer\u00ebzor: Toka \u00ebsht\u00eb sht\u00ebpia e miliarda njer\u00ebzve nga kultura dhe prejardhje t\u00eb ndryshme. Njer\u00ebzit kan\u00eb nd\u00ebrtuar qytete, kan\u00eb krijuar shpikje t\u00eb mahnitshme dhe kan\u00eb eksploruar bot\u00ebn dhe m\u00eb gjer\u00eb.<\/li>\n<li>Mbrojtja e Tok\u00ebs: \u00cbsht\u00eb e r\u00ebnd\u00ebsishme t\u00eb kujdesemi p\u00ebr planetin ton\u00eb. Ne mund t\u00eb ndihmojm\u00eb duke ruajtur burimet, duke reduktuar ndotjen, duke ricikluar dhe duke qen\u00eb t\u00eb nd\u00ebrgjegjsh\u00ebm p\u00ebr mjedisin.<\/li>\n<\/ol>\n<p>Toka \u00ebsht\u00eb nj\u00eb planet i jasht\u00ebzakonsh\u00ebm me nj\u00eb ekosistem t\u00eb gjall\u00eb dhe t\u00eb nd\u00ebrlidhur. \u00cbsht\u00eb p\u00ebrgjegj\u00ebsia jon\u00eb t\u00eb ruajm\u00eb dhe mbrojm\u00eb k\u00ebt\u00eb sht\u00ebpi t\u00eb mrekullueshme q\u00eb ndajm\u00eb me shum\u00eb qenie t\u00eb tjera t\u00eb gjalla.<\/p>\n<p><strong><u>AF\u00cbRDITA<\/u><\/strong><\/p>\n<p>Venusi \u00ebsht\u00eb nj\u00eb planet magjeps\u00ebs n\u00eb sistemin ton\u00eb diellor! K\u00ebtu jan\u00eb disa fakte arg\u00ebtuese rreth Venusit q\u00eb f\u00ebmij\u00ebve mund t&#8217;i duken interesante:<\/p>\n<ol>\n<li>Ylli i m\u00ebngjesit dhe i mbr\u00ebmjes: Venusi shpesh quhet &#8220;ylli i m\u00ebngjesit&#8221; ose &#8220;ylli i mbr\u00ebmjes&#8221; sepse \u00ebsht\u00eb nj\u00eb nga objektet m\u00eb t\u00eb ndritsh\u00ebm q\u00eb mund t\u00eb shohim n\u00eb qiell pak para lindjes s\u00eb diellit ose menj\u00ebher\u00eb pas per\u00ebndimit t\u00eb diellit.<\/li>\n<li>Madh\u00ebsia dhe ngjyra: Venusi ka pothuajse t\u00eb nj\u00ebjt\u00ebn madh\u00ebsi me Tok\u00ebn, por duket ndryshe. Ka nj\u00eb ngjyr\u00eb t\u00eb verdh\u00eb n\u00eb t\u00eb bardh\u00eb dhe shk\u00eblqen me t\u00eb v\u00ebrtet\u00eb n\u00eb qiell.<\/li>\n<li>Temperaturat ekstreme: Venusi \u00ebsht\u00eb tep\u00ebr i nxeht\u00eb, madje edhe m\u00eb i nxeht\u00eb se M\u00ebrkuri, i cili \u00ebsht\u00eb m\u00eb af\u00ebr Diellit. Ajo ka nj\u00eb atmosfer\u00eb t\u00eb trash\u00eb q\u00eb bllokon nxeht\u00ebsin\u00eb, k\u00ebshtu q\u00eb temperaturat n\u00eb Venus mund t\u00eb arrijn\u00eb nj\u00eb 900 grad\u00eb Fahrenheit (475 grad\u00eb Celsius).<\/li>\n<li>Nuk ka stin\u00eb apo h\u00ebn\u00eb: Ndryshe nga Toka, Venusi nuk ka stin\u00eb sepse boshti i saj nuk anon si i yni. Gjithashtu, Venusi nuk ka asnj\u00eb h\u00ebn\u00eb si\u00e7 ka Toka.<\/li>\n<li>Me re dhe stuhi: Venusi ka re t\u00eb trasha t\u00eb p\u00ebrb\u00ebra nga acidi sulfurik q\u00eb mbulojn\u00eb plot\u00ebsisht planetin. K\u00ebto re krijojn\u00eb nj\u00eb efekt ser\u00eb, q\u00eb do t\u00eb thot\u00eb se ato bllokojn\u00eb nxeht\u00ebsin\u00eb dhe e b\u00ebjn\u00eb Venusin edhe m\u00eb t\u00eb nxeht\u00eb. Af\u00ebrdita ka gjithashtu stuhi t\u00eb fuqishme si uragane n\u00eb atmosfer\u00ebn e saj.<\/li>\n<li>Vizitat e anijes kozmike: Shkenc\u00ebtar\u00ebt kan\u00eb d\u00ebrguar anije kozmike n\u00eb Venus p\u00ebr t\u00eb m\u00ebsuar m\u00eb shum\u00eb rreth saj. Nj\u00eb nga misionet m\u00eb t\u00eb famshme ishte anija kozmike Magellan, e cila hartoi sip\u00ebrfaqen e Venusit duke p\u00ebrdorur radarin.<\/li>\n<li>Pa uj\u00eb ose jet\u00eb: Ndryshe nga Toka, Venusi nuk ka uj\u00eb t\u00eb l\u00ebngsh\u00ebm n\u00eb sip\u00ebrfaqen e saj. \u00cbsht\u00eb shum\u00eb nxeht\u00eb dhe atmosfera nuk \u00ebsht\u00eb e p\u00ebrshtatshme p\u00ebr jet\u00ebn si\u00e7 e njohim ne. Shkenc\u00ebtar\u00ebt jan\u00eb ende duke studiuar Venusin p\u00ebr t\u00eb kuptuar m\u00eb shum\u00eb rreth historis\u00eb dhe atmosfer\u00ebs s\u00eb saj.<\/li>\n<\/ol>\n<p>Pra, Venusi \u00ebsht\u00eb nj\u00eb planet i nxeht\u00eb dhe i stuhish\u00ebm me nj\u00eb atmosfer\u00eb unike dhe karakteristika magjeps\u00ebse. \u00cbsht\u00eb nj\u00eb planet emocionues p\u00ebr t\u00eb m\u00ebsuar n\u00eb sistemin ton\u00eb diellor!<\/p>\n<p><strong><u>Marsi <\/u><\/strong><\/p>\n<p><strong>Marsi<\/strong> \u00ebsht\u00eb nj\u00eb planet magjeps\u00ebs n\u00eb sistemin ton\u00eb diellor! K\u00ebtu jan\u00eb disa fakte arg\u00ebtuese rreth Marsit q\u00eb f\u00ebmij\u00ebt mund t&#8217;i duken interesante:<\/p>\n<p>Planeti i Kuq: Marsi shpesh quhet &#8220;Planeti i Kuq&#8221; sepse sip\u00ebrfaqja e tij duket n\u00eb ngjyr\u00eb t\u00eb kuq\u00ebrremt\u00eb. Kjo \u00ebsht\u00eb p\u00ebr shkak t\u00eb oksidit t\u00eb hekurit, ose ndryshkut, n\u00eb sip\u00ebrfaqen e tij.<\/p>\n<ol>\n<li>Madh\u00ebsia dhe Struktura: Marsi \u00ebsht\u00eb planeti i kat\u00ebrt nga Dielli dhe \u00ebsht\u00eb rreth gjysma e madh\u00ebsis\u00eb s\u00eb Tok\u00ebs. Ajo ka nj\u00eb atmosfer\u00eb t\u00eb holl\u00eb n\u00eb krahasim me Tok\u00ebn, k\u00ebshtu q\u00eb \u00ebsht\u00eb shum\u00eb e ndryshme nga planeti yn\u00eb.<\/li>\n<li>Stin\u00ebt dhe stuhit\u00eb e pluhurit: Marsi p\u00ebrjeton stin\u00ebt, ashtu si Toka, por ato jan\u00eb shum\u00eb m\u00eb t\u00eb gjata sepse Marsit i duhet m\u00eb shum\u00eb koh\u00eb p\u00ebr t\u00eb orbituar Diellin. Marsi \u00ebsht\u00eb gjithashtu i njohur p\u00ebr stuhit\u00eb e tij masive t\u00eb pluhurit q\u00eb mund t\u00eb mbulojn\u00eb t\u00eb gjith\u00eb planetin dhe t\u00eb zgjasin me muaj.<\/li>\n<li>Valles Marineris: Marsi ka kanionin m\u00eb t\u00eb madh n\u00eb sistemin diellor t\u00eb quajtur Valles Marineris. \u00cbsht\u00eb rreth 2500 milje (4000 kilometra) i gjat\u00eb dhe shum\u00eb m\u00eb i thell\u00eb se Grand Canyon n\u00eb Tok\u00eb.<\/li>\n<li>Olympus Mons: Marsi \u00ebsht\u00eb sht\u00ebpia e vullkanit m\u00eb t\u00eb lart\u00eb n\u00eb sistemin diellor t\u00eb quajtur Olympus Mons. \u00cbsht\u00eb rreth 13.6 milje (22 kilometra) i lart\u00eb, q\u00eb \u00ebsht\u00eb pothuajse tre her\u00eb m\u00eb i lart\u00eb se mali Everest, mali m\u00eb i lart\u00eb n\u00eb Tok\u00eb.<\/li>\n<li>Kapele polare t\u00eb akullit: Marsi ka kapele akulli n\u00eb polet e tij t\u00eb p\u00ebrb\u00ebra nga akulli i ujit dhe dioksidi i karbonit i ngrir\u00eb (akulli i that\u00eb). K\u00ebto kapele akulli mund t\u00eb zgjerohen dhe tkurren nd\u00ebrsa stin\u00ebt ndryshojn\u00eb n\u00eb Mars.<\/li>\n<li>Misionet Rover: Shkenc\u00ebtar\u00ebt kan\u00eb d\u00ebrguar rovers robotik\u00eb p\u00ebr t\u00eb eksploruar Marsin. M\u00eb t\u00eb famshmit jan\u00eb rover\u00ebt e NASA-s si Spirit, Opportunity dhe Curiosity. Ata kan\u00eb b\u00ebr\u00eb fotografi, kan\u00eb mbledhur mostra dhe kan\u00eb studiuar mjedisin marsian.<\/li>\n<li>Mund\u00ebsia e jet\u00ebs: Shkenc\u00ebtar\u00ebt jan\u00eb ende duke eksploruar mund\u00ebsin\u00eb e jet\u00ebs n\u00eb Mars. Ata k\u00ebrkojn\u00eb p\u00ebr shenja uji dhe studiojn\u00eb kushtet e kaluara t\u00eb planetit p\u00ebr t\u00eb kuptuar n\u00ebse Marsi mund t\u00eb kishte mb\u00ebshtetur jet\u00ebn n\u00eb t\u00eb kaluar\u00ebn apo edhe sot.<\/li>\n<\/ol>\n<p>Marsi \u00ebsht\u00eb nj\u00eb planet plot mrekulli dhe mistere q\u00eb presin t\u00eb zbulohen. \u00cbsht\u00eb nj\u00eb vend emocionues p\u00ebr eksplorim dhe m\u00ebsim!<\/p>\n<p><strong><u>NEPTUNI<\/u><\/strong><br \/>\nNeptuni \u00ebsht\u00eb planeti i tet\u00eb dhe m\u00eb i larg\u00ebt i njohur nga Dielli n\u00eb sistemin ton\u00eb diellor. \u00cbsht\u00eb nj\u00eb gjigant gazi dhe \u00ebsht\u00eb planeti i kat\u00ebrt m\u00eb i madh p\u00ebr nga diametri. Neptuni \u00ebsht\u00eb em\u00ebruar pas per\u00ebndis\u00eb romake t\u00eb detit, duke reflektuar ngjyr\u00ebn e tij kalt\u00ebrosh, t\u00eb ngjashme me ngjyr\u00ebn e oqeanit.<\/p>\n<p>K\u00ebtu jan\u00eb disa fakte kryesore rreth Neptunit:<\/p>\n<ol>\n<li>Larg\u00ebsia nga Dielli: Neptuni rrotullohet rreth Diellit n\u00eb nj\u00eb distanc\u00eb mesatare prej rreth 2.7 miliard\u00eb milje (4.3 miliard\u00eb kilometra). Neptunit i duhen af\u00ebrsisht 165 vjet Tok\u00eb p\u00ebr t\u00eb kryer nj\u00eb orbit\u00eb rreth Diellit.<\/li>\n<\/ol>\n<p>&nbsp;<\/p>\n<ol start=\"2\">\n<li>Madh\u00ebsia dhe p\u00ebrb\u00ebrja: Neptuni ka nj\u00eb diamet\u00ebr prej rreth 30,599 milje (49,244 kilometra), duke e b\u00ebr\u00eb at\u00eb pothuajse kat\u00ebr her\u00eb m\u00eb t\u00eb madhe se Toka. Kryesisht p\u00ebrb\u00ebhet nga hidrogjen dhe helium, me sasi t\u00eb vogla metani, gj\u00eb q\u00eb i jep ngjyr\u00ebn blu t\u00eb dallueshme.<\/li>\n<li>Atmosfera: Atmosfera e Neptunit \u00ebsht\u00eb e trash\u00eb dhe e p\u00ebrb\u00ebr\u00eb kryesisht nga hidrogjen dhe helium, me gjurm\u00eb metani. Ajo p\u00ebrjeton er\u00ebra jasht\u00ebzakonisht t\u00eb forta, me shpejt\u00ebsin\u00eb m\u00eb t\u00eb shpejt\u00eb t\u00eb er\u00ebs t\u00eb regjistruar n\u00eb sistemin diellor, duke arritur deri n\u00eb 1300 milje n\u00eb or\u00eb (2100 kilometra n\u00eb or\u00eb).<\/li>\n<li>H\u00ebnat: Neptuni ka gjithsej 14 h\u00ebna t\u00eb njohura, m\u00eb e madhja prej t\u00eb cilave \u00ebsht\u00eb Tritoni. Tritoni \u00ebsht\u00eb i duksh\u00ebm p\u00ebr orbit\u00ebn e tij retrograde, q\u00eb do t\u00eb thot\u00eb se rrotullohet rreth Neptunit n\u00eb drejtim t\u00eb kund\u00ebrt t\u00eb rrotullimit t\u00eb planetit.<\/li>\n<li>Unazat: Neptuni gjithashtu ka nj\u00eb sistem unazash t\u00eb zbehta, megjith\u00ebse ato nuk jan\u00eb aq t\u00eb spikatura sa unazat e Saturnit. K\u00ebto unaza p\u00ebrb\u00ebhen nga grimca pluhuri dhe akulli.<\/li>\n<li>Eksplorimi: E vetmja anije kozmike q\u00eb ka vizituar Neptunin \u00ebsht\u00eb Voyager 2 i NASA-s, i cili kreu nj\u00eb fluturim rreth planetit n\u00eb vitin 1989. Voyager 2 dha t\u00eb dh\u00ebna dhe imazhe t\u00eb vlefshme t\u00eb Neptunit, h\u00ebnave dhe unazave t\u00eb tij.<\/li>\n<\/ol>\n<p>Misionet n\u00eb hap\u00ebsir\u00eb t\u00eb thell\u00eb: Aktualisht nuk ka misione t\u00eb planifikuara n\u00eb Neptun, por misionet e ardhshme p\u00ebr t\u00eb eksploruar planet\u00ebt e jasht\u00ebm dhe h\u00ebnat e tyre jan\u00eb n\u00eb shqyrtim.<\/p><\/div>\n<p><!-- .vgblk-rw-wrapper --><\/p>\n","protected":false},"excerpt":{"rendered":"<p>DIELLI Dielli nuk \u00ebsht\u00eb nj\u00eb planet; \u00ebsht\u00eb nj\u00eb yll. Ai ndodhet n\u00eb qend\u00ebr t\u00eb sistemit ton\u00eb diellor dhe luan nj\u00eb rol jetik n\u00eb ruajtjen e jet\u00ebs n\u00eb Tok\u00eb. Dielli \u00ebsht\u00eb nj\u00eb top i madh gazesh t\u00eb nxehta, t\u00eb ndezura, kryesisht hidrogjen dhe helium. Ai l\u00ebshon drit\u00eb, nxeht\u00ebsi dhe rrezatim diellor, i cili \u00ebsht\u00eb thelb\u00ebsor p\u00ebr&#8230;<\/p>\n","protected":false},"featured_media":987752,"comment_status":"closed","ping_status":"closed","template":"","meta":[],"product_cat":[305,307,304],"product_tag":[],"class_list":{"0":"post-987751","1":"product","2":"type-product","3":"status-publish","4":"has-post-thumbnail","6":"product_cat-lodra-edukuese","7":"product_cat-lodra-informuese","8":"product_cat-luj-duj","10":"first","11":"instock","12":"shipping-taxable","13":"purchasable","14":"product-type-simple"},"_links":{"self":[{"href":"https:\/\/lujduj.al\/index.php?rest_route=\/wp\/v2\/product\/987751","targetHints":{"allow":["GET"]}}],"collection":[{"href":"https:\/\/lujduj.al\/index.php?rest_route=\/wp\/v2\/product"}],"about":[{"href":"https:\/\/lujduj.al\/index.php?rest_route=\/wp\/v2\/types\/product"}],"replies":[{"embeddable":true,"href":"https:\/\/lujduj.al\/index.php?rest_route=%2Fwp%2Fv2%2Fcomments&post=987751"}],"version-history":[{"count":1,"href":"https:\/\/lujduj.al\/index.php?rest_route=\/wp\/v2\/product\/987751\/revisions"}],"predecessor-version":[{"id":987753,"href":"https:\/\/lujduj.al\/index.php?rest_route=\/wp\/v2\/product\/987751\/revisions\/987753"}],"wp:featuredmedia":[{"embeddable":true,"href":"https:\/\/lujduj.al\/index.php?rest_route=\/wp\/v2\/media\/987752"}],"wp:attachment":[{"href":"https:\/\/lujduj.al\/index.php?rest_route=%2Fwp%2Fv2%2Fmedia&parent=987751"}],"wp:term":[{"taxonomy":"product_cat","embeddable":true,"href":"https:\/\/lujduj.al\/index.php?rest_route=%2Fwp%2Fv2%2Fproduct_cat&post=987751"},{"taxonomy":"product_tag","embeddable":true,"href":"https:\/\/lujduj.al\/index.php?rest_route=%2Fwp%2Fv2%2Fproduct_tag&post=987751"}],"curies":[{"name":"wp","href":"https:\/\/api.w.org\/{rel}","templated":true}]}}