{"id":987748,"date":"2023-10-08T19:00:27","date_gmt":"2023-10-08T19:00:27","guid":{"rendered":"https:\/\/lujduj.al\/?post_type=product&#038;p=987748"},"modified":"2023-10-08T19:00:27","modified_gmt":"2023-10-08T19:00:27","slug":"harta-e-shqiperise","status":"publish","type":"product","link":"https:\/\/lujduj.al\/?product=harta-e-shqiperise","title":{"rendered":"Harta e Shqip\u00ebris\u00eb"},"content":{"rendered":"<div class=\"vgblk-rw-wrapper limit-wrapper\">\n<table>\n<tbody>\n<tr>\n<td width=\"280\"><strong><u>Projekti:<\/u><\/strong><\/td>\n<td width=\"286\"><strong>Harta e Shqip\u00ebris\u00eb<\/strong><\/p>\n<p>Loj\u00eb formuese enigmatike p\u00ebr f\u00ebmij\u00eb t\u00eb mosh\u00ebs 4-8 vje\u00e7.<\/p>\n<p><strong><u>\u00a0<\/u><\/strong><\/td>\n<\/tr>\n<tr>\n<td width=\"280\">Formati I Loj\u00ebs: (permasat)<\/td>\n<td width=\"286\">33 centimetra lart\u00ebsi<\/p>\n<p>19,9 centimetra gjer\u00ebsi,<\/p>\n<p>1.7 centimetra trash\u00ebsi<\/td>\n<\/tr>\n<tr>\n<td width=\"280\">Pjes\u00ebza t\u00eb loj\u00ebs. Element\u00ebt<\/td>\n<td width=\"286\">12 rrethet e prera sipas formave te secilit<\/p>\n<p>Tiran\u00eb, Durr\u00ebs, Elbasan, Dib\u00ebr, Kuk\u00ebs, Shkod\u00ebr, Vlor\u00eb, Lezh\u00eb, Kor\u00e7\u00eb, Gjirokast\u00ebr, Fier<\/td>\n<\/tr>\n<tr>\n<td width=\"280\">Materiali Drusor<\/td>\n<td width=\"286\">Ah ose Pish\u00eb<\/td>\n<\/tr>\n<tr>\n<td width=\"280\">Preardhja e materialit drusor<\/td>\n<td width=\"286\">L\u00ebnd\u00eb drusore AH, marr\u00eb nga paleta EU, (Bio Market, Coca \u2013 Cola, pikat e grumbullimit t\u00eb mbetjeve Tiran\u00eb,<\/td>\n<\/tr>\n<tr>\n<td width=\"280\">Pastrimi dhe p\u00ebrpunimi I drurit<\/td>\n<td width=\"286\">Pro\u00e7esi I pastrimit dhe p\u00ebrgatitjes : Makinerit\u00eb e p\u00ebrdorura. Proceset ne numur sa? V\u00ebshtir\u00ebsia nga 1-10?<\/td>\n<\/tr>\n<tr>\n<td width=\"280\">Ideja e projektit<\/td>\n<td width=\"286\">Ecovolis,<\/p>\n<p>Punuan: Ened Mato, Bledar Bregu<\/td>\n<\/tr>\n<tr>\n<td width=\"280\">Q\u00ebllimi I Loj\u00ebs<\/td>\n<td width=\"286\">T\u00eb njohim territorin e Shqip\u00ebris\u00eb, Hart\u00ebn dhe kufijt\u00eb e saj, ndarjen e rretheve, vendet fqinje, detet q\u00eb na kufizojne.<\/p>\n<p>&nbsp;<\/p>\n<p>T\u00eb praktikoj\u00eb kujtes\u00ebn te f\u00ebmij\u00ebt duke zgjidhur enigm\u00ebn e rretheve. Ku \u00ebsht\u00eb \u00e7do rreth? Kush jan\u00eb fqinj\u00ebt tan\u00eb, detet para.<\/p>\n<p>&nbsp;<\/p>\n<p>T\u00eb njohim relievin e vendit. Ku jan\u00eb ult\u00ebsirat, ku jan\u00eb malet, ku jan\u00eb lumenjt\u00eb, pyjet, etj.<\/p>\n<p>&nbsp;<\/p>\n<p>T\u00eb njohim nga kush rreth rrethohet rrethi yn\u00eb.<\/td>\n<\/tr>\n<tr>\n<td width=\"280\">Realizimi grafik, p\u00ebrmbajtja, informimi:<\/p>\n<p>&nbsp;<\/td>\n<td width=\"286\">Idet\u00eb grafike: Erind Agolli , Jeta Malaj, Ened Mato<\/p>\n<p>&nbsp;<\/p>\n<p>Printimi \u00ebsht\u00eb m\u00ebnyra m\u00eb e shkurt\u00ebr p\u00ebr t\u00eb pajisur hart\u00ebn\u00a0 me vizatime dhe informacion.<\/p>\n<p>Djegia e drurit k\u00ebrkon koh\u00eb, dhe p\u00ebr momentin nuk kemi makineri.<\/p>\n<p>N\u00ebse do mbahet pana lisho sipas erindit, ose do t\u00eb ket\u00eb design minimalist sips Jet\u00ebs, \u00ebsht\u00eb m\u00eb e p\u00ebrshtatshme q\u00eb grafika t\u00eb jet\u00eb konceptuale sipas nj\u00eb harte ekologjike t\u00eb shqip\u00ebris\u00eb. P\u00ebrshembull stema te bluza e natura 2000. Ajo perdo pelikant per te treguar lagunen, ariun per te treguar pyjet, malet e larta, vija te trasha per lumenjte, pak a shume si nje harte e thesareve natyrore.<\/td>\n<\/tr>\n<tr>\n<td width=\"280\">Misioni I LUJ DUJ<\/p>\n<p>&nbsp;<\/td>\n<td width=\"286\">Lodrat ekologjike,riciklimi I drurit dhe mbrojtja e pyjeve, edukim mjedisor dhe zhvillimor, p\u00ebrpar\u00ebsit\u00eb e lodrave t\u00eb drurit.<\/p>\n<p>Si mund t\u00eb b\u00ebhemi pjes\u00eb e nism\u00ebs Luj Duj<\/p>\n<p>Duke mb\u00ebshtetur Luj Duj , po ndihmon n\u00eb mbjelljen e 5000 fidan\u00ebve t\u00eb pish\u00ebs n\u00eb parkun komb\u00ebtar t\u00eb Lur\u00ebs.<\/td>\n<\/tr>\n<tr>\n<td width=\"280\">Aktivitete dhe veprimtari shoq\u00ebruese me loj\u00ebn<\/td>\n<td width=\"286\">Ndarja e f\u00ebmij\u00ebve ne grupe skuadra sipas rretheve, ku secili grup vendos rrethin e vet n\u00eb puzzle dhe prezanton natyr\u00ebn e rrethit t\u00eb tij, me lumenjt\u00eb, liqenet, malet dhe qytetet dhe fshatrat.<\/p>\n<p>&nbsp;<\/td>\n<\/tr>\n<tr>\n<td width=\"280\">Manuali I loj\u00ebs dhe misioni luj duj ne nje liber te vogel per femije.<\/td>\n<td width=\"286\">Per kete duhet pare librat per femije dhe te rritur qe kane skica te thjeshta me nje dy fjali kyce. Vizatime te lehta te kuptueshme, minimaliste, stili I Canvas, jo m\u00eb shum\u00eb se 6 faqe x 2 an\u00eb.<\/td>\n<\/tr>\n<tr>\n<td width=\"280\">Sasia e prodhimit fillestar<\/td>\n<td width=\"286\">30 cop\u00eb<\/td>\n<\/tr>\n<tr>\n<td width=\"280\">\u00c7mimi I lodr\u00ebs<\/td>\n<td width=\"286\">1.000 Lek\u00eb<\/td>\n<\/tr>\n<tr>\n<td width=\"280\">Amballazhimi<\/td>\n<td width=\"286\">Cop\u00eb, trast\u00eb, logo Luj Duj dhe Ecovolis<\/td>\n<\/tr>\n<tr>\n<td width=\"280\">Ekspozimi \/ Vitrina \/ Dyqani real \/ Dyqani virtual<\/td>\n<td width=\"286\">Zyra \/ Servisi Ecovolis<\/p>\n<p>Magazina , Punishtja n\u00eb Uzin\u00eb Traktori<\/p>\n<p>Ekspozitor\u00eb druri t\u00eb leht\u00eb 5 cop\u00eb p\u00ebr kopshte dhe aktivitete me f\u00ebmij\u00ebt<\/p>\n<p>Instagram, Facebook, twitter, Luj Duj, &#8211; Personi I marketingut<\/td>\n<\/tr>\n<\/tbody>\n<\/table>\n<\/div>\n<p><!-- .vgblk-rw-wrapper --><\/p>\n","protected":false},"excerpt":{"rendered":"<p>Projekti: Harta e Shqip\u00ebris\u00eb Loj\u00eb formuese enigmatike p\u00ebr f\u00ebmij\u00eb t\u00eb mosh\u00ebs 4-8 vje\u00e7. \u00a0 Formati I Loj\u00ebs: (permasat) 33 centimetra lart\u00ebsi 19,9 centimetra gjer\u00ebsi, 1.7 centimetra trash\u00ebsi Pjes\u00ebza t\u00eb loj\u00ebs. Element\u00ebt 12 rrethet e prera sipas formave te secilit Tiran\u00eb, Durr\u00ebs, Elbasan, Dib\u00ebr, Kuk\u00ebs, Shkod\u00ebr, Vlor\u00eb, Lezh\u00eb, Kor\u00e7\u00eb, Gjirokast\u00ebr, Fier Materiali Drusor Ah ose Pish\u00eb&#8230;<\/p>\n","protected":false},"featured_media":987749,"comment_status":"closed","ping_status":"closed","template":"","meta":[],"product_cat":[307,304],"product_tag":[],"class_list":{"0":"post-987748","1":"product","2":"type-product","3":"status-publish","4":"has-post-thumbnail","6":"product_cat-lodra-informuese","7":"product_cat-luj-duj","9":"first","10":"instock","11":"shipping-taxable","12":"purchasable","13":"product-type-simple"},"_links":{"self":[{"href":"https:\/\/lujduj.al\/index.php?rest_route=\/wp\/v2\/product\/987748","targetHints":{"allow":["GET"]}}],"collection":[{"href":"https:\/\/lujduj.al\/index.php?rest_route=\/wp\/v2\/product"}],"about":[{"href":"https:\/\/lujduj.al\/index.php?rest_route=\/wp\/v2\/types\/product"}],"replies":[{"embeddable":true,"href":"https:\/\/lujduj.al\/index.php?rest_route=%2Fwp%2Fv2%2Fcomments&post=987748"}],"version-history":[{"count":1,"href":"https:\/\/lujduj.al\/index.php?rest_route=\/wp\/v2\/product\/987748\/revisions"}],"predecessor-version":[{"id":987750,"href":"https:\/\/lujduj.al\/index.php?rest_route=\/wp\/v2\/product\/987748\/revisions\/987750"}],"wp:featuredmedia":[{"embeddable":true,"href":"https:\/\/lujduj.al\/index.php?rest_route=\/wp\/v2\/media\/987749"}],"wp:attachment":[{"href":"https:\/\/lujduj.al\/index.php?rest_route=%2Fwp%2Fv2%2Fmedia&parent=987748"}],"wp:term":[{"taxonomy":"product_cat","embeddable":true,"href":"https:\/\/lujduj.al\/index.php?rest_route=%2Fwp%2Fv2%2Fproduct_cat&post=987748"},{"taxonomy":"product_tag","embeddable":true,"href":"https:\/\/lujduj.al\/index.php?rest_route=%2Fwp%2Fv2%2Fproduct_tag&post=987748"}],"curies":[{"name":"wp","href":"https:\/\/api.w.org\/{rel}","templated":true}]}}