{"id":3625,"date":"2022-05-17T22:18:41","date_gmt":"2022-05-17T22:18:41","guid":{"rendered":"https:\/\/debebe.vamtam.com\/?page_id=3625"},"modified":"2023-10-11T19:20:16","modified_gmt":"2023-10-11T19:20:16","slug":"about","status":"publish","type":"page","link":"https:\/\/lujduj.al\/?page_id=3625","title":{"rendered":"Rreth Nesh"},"content":{"rendered":"\t\t<div data-elementor-type=\"wp-page\" data-elementor-id=\"3625\" class=\"elementor elementor-3625\" data-elementor-settings=\"{&quot;scroll_snap&quot;:&quot;yes&quot;}\">\n\t\t\t\t\t\t\t\t\t<section class=\"elementor-section elementor-top-section elementor-element elementor-element-491fcaf elementor-section-height-min-height elementor-section-boxed elementor-section-height-default elementor-section-items-middle\" data-id=\"491fcaf\" data-element_type=\"section\" data-settings=\"{&quot;background_background&quot;:&quot;classic&quot;}\">\n\t\t\t\t\t\t<div class=\"elementor-container elementor-column-gap-no\">\n\t\t\t\t\t<div class=\"elementor-column elementor-col-50 elementor-top-column elementor-element elementor-element-74a8fb9\" data-id=\"74a8fb9\" data-element_type=\"column\">\n\t\t\t<div class=\"elementor-widget-wrap elementor-element-populated\">\n\t\t\t\t\t\t\t\t<div class=\"elementor-element elementor-element-032aea8 elementor-widget elementor-widget-heading\" data-id=\"032aea8\" data-element_type=\"widget\" data-widget_type=\"heading.default\">\n\t\t\t\t<div class=\"elementor-widget-container\">\n\t\t\t<style>\/*! elementor - v3.16.0 - 20-09-2023 *\/\n.elementor-heading-title{padding:0;margin:0;line-height:1}.elementor-widget-heading .elementor-heading-title[class*=elementor-size-]>a{color:inherit;font-size:inherit;line-height:inherit}.elementor-widget-heading .elementor-heading-title.elementor-size-small{font-size:15px}.elementor-widget-heading .elementor-heading-title.elementor-size-medium{font-size:19px}.elementor-widget-heading .elementor-heading-title.elementor-size-large{font-size:29px}.elementor-widget-heading .elementor-heading-title.elementor-size-xl{font-size:39px}.elementor-widget-heading .elementor-heading-title.elementor-size-xxl{font-size:59px}<\/style><h2 class=\"elementor-heading-title elementor-size-default\">Lodrat prej druri jan\u00eb m\u00eb t\u00eb mira! 5 arsyet kryesore p\u00ebr t\u00eb ndryshuar...<\/h2>\t\t<\/div>\n\t\t\t\t<\/div>\n\t\t\t\t<div class=\"elementor-element elementor-element-376d0bd elementor-widget__width-initial elementor-widget elementor-widget-text-editor\" data-id=\"376d0bd\" data-element_type=\"widget\" data-widget_type=\"text-editor.default\">\n\t\t\t\t<div class=\"elementor-widget-container\">\n\t\t\t<style>\/*! elementor - v3.16.0 - 20-09-2023 *\/\n.elementor-widget-text-editor.elementor-drop-cap-view-stacked .elementor-drop-cap{background-color:#69727d;color:#fff}.elementor-widget-text-editor.elementor-drop-cap-view-framed .elementor-drop-cap{color:#69727d;border:3px solid;background-color:transparent}.elementor-widget-text-editor:not(.elementor-drop-cap-view-default) .elementor-drop-cap{margin-top:8px}.elementor-widget-text-editor:not(.elementor-drop-cap-view-default) .elementor-drop-cap-letter{width:1em;height:1em}.elementor-widget-text-editor .elementor-drop-cap{float:left;text-align:center;line-height:1;font-size:50px}.elementor-widget-text-editor .elementor-drop-cap-letter{display:inline-block}<\/style>\t\t\t\t<p>Ka disa arsye pse lodrat prej druri mund t\u00eb konsiderohen m\u00eb t\u00eb mira se lodrat plastike:<br \/>Q\u00ebndrueshm\u00ebria: Lodrat prej druri jan\u00eb zakonisht m\u00eb t\u00eb q\u00ebndrueshme dhe m\u00eb jet\u00ebgjata se lodrat plastike, t\u00eb cilat mund t\u00eb thyhen ose konsumohen m\u00eb leht\u00eb. Kjo do t\u00eb thot\u00eb q\u00eb lodrat prej druri shpesh mund t\u00eb kalojn\u00eb brez pas brezi, duke i b\u00ebr\u00eb ato nj\u00eb opsion m\u00eb t\u00eb q\u00ebndruesh\u00ebm.<br \/>Siguria: Lodrat prej druri n\u00eb p\u00ebrgjith\u00ebsi konsiderohen m\u00eb t\u00eb sigurta se lodrat plastike, pasi ato nuk p\u00ebrmbajn\u00eb kimikate ose toksina t\u00eb d\u00ebmshme q\u00eb mund t\u00eb gjenden n\u00eb disa plastik\u00eb. P\u00ebr m\u00eb tep\u00ebr, lodrat prej druri kan\u00eb m\u00eb pak gjasa t\u00eb thyhen n\u00eb copa t\u00eb vogla q\u00eb mund t\u00eb paraqesin rrezik mbytjeje p\u00ebr f\u00ebmij\u00ebt e vegj\u00ebl.<br \/>P\u00ebrfitimet zhvillimore: Lodrat prej druri mund t\u00eb ofrojn\u00eb nj\u00eb s\u00ebr\u00eb p\u00ebrfitimesh zhvillimore p\u00ebr f\u00ebmij\u00ebt, t\u00eb tilla si promovimi i aft\u00ebsive t\u00eb shk\u00eblqyera motorike, zgjidhja e problemeve dhe loja me imagjinat\u00eb. Lodrat prej druri shpesh lejojn\u00eb loj\u00ebra m\u00eb t\u00eb hapura, gj\u00eb q\u00eb mund t&#8217;i inkurajoj\u00eb f\u00ebmij\u00ebt t\u00eb p\u00ebrdorin kreativitetin dhe imagjinat\u00ebn e tyre.<br \/>Miq\u00ebsia ndaj mjedisit: Lodrat prej druri jan\u00eb zakonisht m\u00eb miq\u00ebsore me mjedisin sesa lodrat plastike, pasi ato jan\u00eb b\u00ebr\u00eb nga materiale natyrore q\u00eb jan\u00eb t\u00eb rinovueshme dhe t\u00eb biodegradueshme. P\u00ebr m\u00eb tep\u00ebr, lodrat prej druri shpesh kan\u00eb nj\u00eb gjurm\u00eb m\u00eb t\u00eb ul\u00ebt t\u00eb karbonit sesa lodrat plastike, pasi ato k\u00ebrkojn\u00eb m\u00eb pak energji p\u00ebr t&#8217;u prodhuar.<br \/>N\u00eb p\u00ebrgjith\u00ebsi, nd\u00ebrsa lodrat plastike mund t\u00eb ken\u00eb p\u00ebrfitimet e tyre, lodrat prej druri shpesh konsiderohen nj\u00eb zgjedhje m\u00eb e mir\u00eb p\u00ebr f\u00ebmij\u00ebt p\u00ebr shkak t\u00eb q\u00ebndrueshm\u00ebris\u00eb, siguris\u00eb, p\u00ebrfitimeve zhvillimore dhe eko-miq\u00ebsis\u00eb s\u00eb tyre.<br \/>Pse duhet t\u00eb mendoni t\u00eb kaloni n\u00eb lodra prej druri? A e keni pyetur ndonj\u00ebher\u00eb veten pasi u kthyet n\u00eb sht\u00ebpi nga nj\u00eb udh\u00ebtim pazari &#8220;Pse e bleva at\u00eb lod\u00ebr plastike t\u00eb d\u00ebmshme?&#8221; A ndiheni t\u00eb mbingarkuar nga numri i lodrave plastike q\u00eb grumbullohen n\u00eb sht\u00ebpin\u00eb tuaj q\u00eb po injorohen? A ndiheni sikur po k\u00ebrkoni vazhdimisht \u201clodr\u00ebn e duhur\u201d q\u00eb do ta arg\u00ebtoj\u00eb dhe m\u00ebsoj\u00eb f\u00ebmij\u00ebn tuaj edhe p\u00ebr 30 minuta? A duket f\u00ebmija juaj i m\u00ebrzitur vet\u00ebm pas pak \u00e7astesh, duke k\u00ebrcyer nga lodra n\u00eb lod\u00ebr p\u00ebr t\u00eb mos hyr\u00eb kurr\u00eb n\u00eb &#8220;at\u00eb zon\u00eb t\u00ebrheq\u00ebse t\u00eb loj\u00ebs?&#8221; K\u00ebrkimi juaj i vazhduesh\u00ebm p\u00ebr &#8220;lodr\u00ebn perfekte&#8221; ju ka l\u00ebn\u00eb nj\u00eb dhom\u00eb lojrash plot me lodra plastike t\u00eb pap\u00ebrdorura t\u00eb destinuara p\u00ebr nj\u00eb vendgrumbullim. P\u00ebr informacion shtes\u00eb p\u00ebr t\u00eb menduar kur blini lodra, lexoni 3 pyetjet e mia q\u00eb duhet t\u00eb b\u00ebni kur blini lodra. K\u00ebtu jan\u00eb 5 arsyet e mia m\u00eb posht\u00eb p\u00ebr t\u00eb kaluar n\u00eb lodra prej druri dhe p\u00ebr t\u00eb shmangur ato plastike:<br \/>1. Lodrat prej druri jan\u00eb t\u00eb hapura dhe nxisin kreativitetin<br \/>Lodrat plastike zakonisht vijn\u00eb me bateri, butona dhe nj\u00eb tem\u00eb karakteri, dhe shpesh jan\u00eb nj\u00eb kal\u00eb i vog\u00ebl me nj\u00eb mashtrim. Kur nj\u00eb lod\u00ebr plastike &#8220;i thot\u00eb&#8221; f\u00ebmij\u00ebs se \u00e7far\u00eb t\u00eb b\u00ebj\u00eb ose si t\u00eb luaj\u00eb me t\u00eb, kreativiteti humbet. F\u00ebmija pyet lodr\u00ebn \u201c\u00c7far\u00eb butona shtyj, \u00e7far\u00eb tingujsh b\u00ebni? Si duhet ta p\u00ebrdor k\u00ebt\u00eb lod\u00ebr brenda tem\u00ebs s\u00eb saj?\u201d Lodra dikton dhe kontrollon loj\u00ebn e f\u00ebmij\u00ebs. Kjo \u00ebsht\u00eb shum\u00eb e kufizuar p\u00ebr imagjinat\u00ebn dhe zhvillimin e p\u00ebrqendrimit t\u00eb f\u00ebmij\u00ebs. Shumica e lodrave prej druri jan\u00eb pa z\u00eb duke e lejuar f\u00ebmij\u00ebn t\u00eb krijoj\u00eb dialog ose zhurm\u00eb gjat\u00eb loj\u00ebs. Lodrat prej druri ofrojn\u00eb loj\u00ebra m\u00eb themelore t\u00eb hapura, ku f\u00ebmija dikton se cila do t\u00eb jet\u00eb tema e loj\u00ebs.<br \/>F\u00ebmija juaj b\u00ebhet shofer dhe kontrollon lodr\u00ebn, jo anasjelltas. Sot ajo\/ai mund t\u00eb b\u00ebj\u00eb nj\u00eb hambar me blloqe druri dhe nes\u00ebr do t\u00eb jet\u00eb nj\u00eb stacion hap\u00ebsinor. Qielli \u00ebsht\u00eb kufiri kur f\u00ebmija juaj ka mund\u00ebsin\u00eb t\u00eb krijoj\u00eb \u00e7do gj\u00eb! K\u00ebtu ndodh magjia. Kur f\u00ebmija juaj \u00ebsht\u00eb n\u00eb at\u00eb zon\u00eb t\u00eb loj\u00ebs s\u00eb thell\u00eb, zhvillohet m\u00ebsimi, kreativiteti dhe p\u00ebrqendrimi.<\/p><p>2. Lodrat plastike b\u00ebhen me kimikate<br \/>Nuk \u00ebsht\u00eb \u00e7udi p\u00ebr ask\u00ebnd q\u00eb lodrat plastike jan\u00eb b\u00ebr\u00eb me kimikate. Pavar\u00ebsisht se sa t\u00eb sigurta thuhet se jan\u00eb plastika, ato jan\u00eb ende nj\u00eb koktej kimikatesh q\u00eb jan\u00eb t\u00eb panatyrshme dhe kurr\u00eb t\u00eb biodegradueshme. Lodrat plastike prodhohen duke p\u00ebrdorur &#8220;sasi t\u00eb pranueshme&#8221; t\u00eb toksinave n\u00eb procesin e prodhimit. \u00cbsht\u00eb m\u00eb mir\u00eb t\u00eb blini lodra prej druri p\u00ebr foshnjat pasi sistemet e tyre mbingarkohen m\u00eb shpejt me toksina sesa t\u00eb rriturit. Ata gjithashtu han\u00eb dhe thithin toksina m\u00eb shum\u00eb se f\u00ebmij\u00ebt m\u00eb t\u00eb rritur pasi kjo \u00ebsht\u00eb pjes\u00eb e procesit t\u00eb tyre t\u00eb zhvillimit. Kur duart e tyre jan\u00eb t\u00eb lagura, l\u00ebkura gjithashtu mund t\u00eb thith\u00eb toksinat nga lodrat plastike. Kalimi n\u00eb lodra prej druri natyral ose t\u00eb palyer ose ngjyra me baz\u00eb uji n\u00eb lodrat prej druri \u00ebsht\u00eb m\u00eb e mira p\u00ebr foshnjat dhe f\u00ebmij\u00ebt e vegj\u00ebl.<br \/>N\u00eb postimin tim &#8220;A jan\u00eb t\u00eb sigurta lodrat &#8220;Made in China&#8221;? | A jan\u00eb t\u00eb k\u00ebqija lodrat e prodhuara n\u00eb Kin\u00eb?\u201d nj\u00eb demonstroi shum\u00eb fakte ndri\u00e7uese p\u00ebr lodrat plastike nga Kina.<br \/>Nj\u00eb studim i fundit n\u00eb Indi tregoi se gati 67% e lodrave t\u00eb importuara kan\u00eb d\u00ebshtuar n\u00eb studimin e testimit t\u00eb K\u00ebshillit t\u00eb Cil\u00ebsis\u00eb t\u00eb Indis\u00eb (QCI) q\u00eb vijn\u00eb nga Kina.<br \/>Sipas raportit t\u00eb QCI, deri n\u00eb 30% e lodrave plastike nuk arrit\u00ebn t\u00eb p\u00ebrmbushnin standardet e siguris\u00eb t\u00eb niveleve t\u00eb pranueshme t\u00eb ftalateve, metaleve t\u00eb r\u00ebnda, etj., dhe 80% e lodrave plastike d\u00ebshtuan n\u00eb vetit\u00eb e siguris\u00eb mekanike dhe fizike. Un\u00eb do t\u00eb imagjinoja se standardet e lodrave n\u00eb Indi jan\u00eb t\u00eb ngjashme me Shtetet e Bashkuara. Edhe lodr\u00ebn m\u00eb t\u00eb madhe amerikane prodhuesit, si\u00e7 p\u00ebrshkruhet m\u00eb posht\u00eb, jan\u00eb kapur duke p\u00ebrdorur kushte t\u00eb pak\u00ebndshme dhe duke pasur produkte lodrash me kimikate t\u00eb ashpra duke p\u00ebrfshir\u00eb plumbin.<br \/>Niveli alarmant i plastik\u00ebs n\u00eb trupin e f\u00ebmij\u00ebve: Studimi gjerman tregon se n\u00ebnprodukte plastike u gjet\u00ebn n\u00eb 97% t\u00eb mostrave t\u00eb gjakut dhe urin\u00ebs nga 2,500 f\u00ebmij\u00eb t\u00eb testuar midis 2014 dhe 2017, sipas nj\u00eb studimi nga Ministria Gjermane e Mjedisit dhe Instituti Robert Koch. Revista e p\u00ebrjavshme gjermane Der Spiegel publikoi gjetjet, t\u00eb cilat ishin pjes\u00eb e nj\u00eb studimi federal t\u00eb fokusuar n\u00eb &#8220;biomonitorimin njer\u00ebzor&#8221; t\u00eb moshave 3 deri n\u00eb 17 vje\u00e7. Gjurm\u00ebt nga 11 nga 15 p\u00ebrb\u00ebr\u00ebsit plastik\u00eb u gjet\u00ebn n\u00eb mostrat e testimit.\u201d Studimi yn\u00eb tregon qart\u00eb se p\u00ebrb\u00ebr\u00ebsit plastik\u00eb, t\u00eb cil\u00ebt po rriten n\u00eb prodhim, po shfaqen gjithashtu gjithnj\u00eb e m\u00eb shum\u00eb n\u00eb trup,\u201d Marike Kolossa-Gehring, nj\u00eb nga. autor\u00ebt e studimit, than\u00eb p\u00ebr revist\u00ebn.<br \/>3. Kalimi n\u00eb Lodrat prej druri jan\u00eb m\u00eb t\u00eb mira p\u00ebr mjedisin<br \/>Lodrat plastike po mbushin me shpejt\u00ebsi deponit\u00eb dhe do t\u00eb ulen dhe do t\u00eb ndotin planetin duke mos u biodegraduar apo prishur kurr\u00eb. Pasi t\u00eb prodhohet plastika e re, ajo q\u00ebndron me ne p\u00ebrgjithmon\u00eb, duke derdhur kimikate n\u00eb tok\u00ebn ton\u00eb n\u00eb deponi. Lodrat prej druri jan\u00eb t\u00eb biodegradueshme me pjes\u00eb minimale ose aspak plastike, duke i b\u00ebr\u00eb ato nj\u00eb alternativ\u00eb m\u00eb t\u00eb q\u00ebndrueshme. Kalimi n\u00eb lodra prej druri \u00ebsht\u00eb nj\u00eb shk\u00ebmbim i leht\u00eb i q\u00ebndruesh\u00ebm q\u00eb familja juaj mund t\u00eb b\u00ebj\u00eb p\u00ebr t\u00eb ndihmuar planetin! Gjithashtu, lodrat prej druri priren t\u00eb jen\u00eb m\u00eb &#8220;cil\u00ebsi trash\u00ebgimie&#8221; n\u00eb vend t\u00eb &#8220;cil\u00ebsis\u00eb s\u00eb landfillit&#8221;. Ju mund t\u00eb paguani m\u00eb shum\u00eb p\u00ebr disa lodra prej druri, por nip\u00ebrit tuaj nj\u00eb dit\u00eb mund t\u00eb p\u00ebrjetojn\u00eb t\u00eb nj\u00ebjtin k\u00ebnaq\u00ebsi q\u00eb p\u00ebrjetuan f\u00ebmij\u00ebt tuaj. Shumica e paketimeve t\u00eb lodrave prej druri jan\u00eb me baz\u00eb kartoni me plastik\u00eb t\u00eb kufizuar dhe shpesh dyfishohen si ruajtje p\u00ebr lodr\u00ebn. Kjo ndihmon n\u00eb eliminimin e nevoj\u00ebs p\u00ebr t\u00eb bler\u00eb nj\u00eb tjet\u00ebr kosh lodrash plastike p\u00ebr ruajtje.<br \/>&#8220;Ka nj\u00eb \u00e7mim p\u00ebr \u00e7do gj\u00eb dhe dikush po e paguan gjithmon\u00eb at\u00eb \u00e7mim.&#8221;<br \/>Nuk \u00ebsht\u00eb kurr\u00eb nj\u00eb fitore\/fitim kur nj\u00eb \u00e7mim \u00ebsht\u00eb shum\u00eb i mir\u00eb p\u00ebr t\u00eb qen\u00eb i v\u00ebrtet\u00eb. N\u00ebse produkti \u00ebsht\u00eb &#8220;m\u00eb i lir\u00eb&#8221; ose &#8220;nj\u00eb vler\u00eb m\u00eb e mir\u00eb&#8221;, ai \u00e7mim i kalohet korporat\u00ebs s\u00eb lodrave ose prodhuesit t\u00eb lodrave, i cili p\u00ebrfundimisht i kalohet mjedisit, integritetit t\u00eb produktit dhe\/ose materialit, ose si m\u00eb posht\u00eb, fabrik\u00ebs. pun\u00ebtor\u00ebt. K\u00ebta pun\u00ebtor\u00eb t\u00eb fabrik\u00ebs po paguajn\u00eb at\u00eb diferenc\u00eb!<br \/>U shkrua nj\u00eb artikull q\u00eb hap syt\u00eb mbi &#8220;E v\u00ebrteta e zymt\u00eb e fabrikave kineze q\u00eb prodhojn\u00eb lodrat e Krishtlindjeve t\u00eb Per\u00ebndimit&#8221;, duke demonstruar praktika t\u00eb zakonshme n\u00eb prodhimin e lodrave.<br \/>M\u00eb p\u00eblqen t\u00eb p\u00ebrdor Plantoys si shembull, S\u00eb pari, ata jan\u00eb t\u00eb apasionuar pas siguris\u00eb s\u00eb f\u00ebmij\u00ebve. PlanToys prodhon disa nga lodrat m\u00eb t\u00eb sigurta n\u00eb bot\u00eb. Ata jan\u00eb &#8220;fituesit e medaljes s\u00eb art\u00eb&#8221; p\u00ebr sa i p\u00ebrket prodhimit ekologjik t\u00eb lodrave t\u00eb sigurta. Ata i kushtojn\u00eb v\u00ebmendje standardeve t\u00eb siguris\u00eb s\u00eb procesit t\u00eb tyre t\u00eb prodhimit duke u prodhuar n\u00eb m\u00ebnyr\u00eb jo ndot\u00ebse p\u00ebr mjedisin. Midis shum\u00eb \u00e7mimeve, PlanToys mban shum\u00eb \u00e7mime prestigjioze p\u00ebr proceset e prodhimit miq\u00ebsor ndaj mjedisit. Ato tejkalojn\u00eb standardet nd\u00ebrkomb\u00ebtare t\u00eb siguris\u00eb dhe mbajn\u00eb ISO 9001 &amp; 14001 p\u00ebr menaxhimin mjedisor. Un\u00eb shkoj n\u00eb thell\u00ebsi m\u00eb posht\u00eb n\u00eb Spotlight tim t\u00eb mark\u00ebs mbi to.<\/p><p>4. Lodrat prej druri rriten me f\u00ebmij\u00ebn tuaj<br \/>A mund t\u00eb mendoni p\u00ebr ndonj\u00eb lod\u00ebr plastike me drit\u00eb p\u00ebr f\u00ebmij\u00eb me t\u00eb cil\u00ebn do t\u00eb luaj\u00eb f\u00ebmija juaj nj\u00ebmb\u00ebdhjet\u00ebvje\u00e7ar? Kjo \u00ebsht\u00eb nj\u00eb &#8220;jo&#8221; definitive n\u00eb familjen time. Shumica e lodrave plastike jan\u00eb t\u00eb bazuara n\u00eb karaktere tematike\/televizive p\u00ebr t\u00eb cilat f\u00ebmija juaj parashkollor do t\u00eb humbas\u00eb shpejt interesin nd\u00ebrsa popullariteti i tyre rritet. Shum\u00eb lodra prej druri do t\u00eb zgjasin nga foshnja e deri tek adoleshent\u00ebt. P\u00ebr shembull, kur blini blloqe standarde prej druri p\u00ebr f\u00ebmij\u00ebn tuaj 1 vje\u00e7, f\u00ebmija juaj mund t\u00eb marr\u00eb 10 vjet loj\u00eb nga k\u00ebto.<br \/>F\u00ebmij\u00ebve t\u00eb mi m\u00eb t\u00eb m\u00ebdhenj ende u p\u00eblqen t\u00eb nd\u00ebrtojn\u00eb dhe krijojn\u00eb me k\u00ebto blloqe. Kjo \u00ebsht\u00eb shum\u00eb ekonomike p\u00ebr portofolin tuaj dhe e q\u00ebndrueshme p\u00ebr mjedisin. Kjo lloj lodre \u201copen age\u201d mund ta pasuroj\u00eb f\u00ebmij\u00ebn tuaj p\u00ebr vitet n\u00eb vijim sepse ka 1001 m\u00ebnyra p\u00ebr t\u00eb krijuar dhe p\u00ebr t\u00eb mos u m\u00ebrzitur. Un\u00eb kam par\u00eb f\u00ebmij\u00eb t\u00eb vegj\u00ebl deri tek adoleshent\u00ebt q\u00eb i duan t\u00eb dyja d\u00ebrrasat e Keva dhe Kapl\u00ebn. \u00cbsht\u00eb e mrekullueshme t\u00eb dini se investimi juaj i lodrave mund t\u00eb zgjas\u00eb me vite n\u00eb sht\u00ebpin\u00eb tuaj.<br \/>5. Ju duhen m\u00eb pak lodra p\u00ebr f\u00ebmij\u00ebn tuaj n\u00ebse jan\u00eb lodrat e duhura! B\u00ebhuni nj\u00eb minimalist lod\u00ebr!<br \/>Mendoni p\u00ebr kutin\u00eb tuaj t\u00eb lodrave si nj\u00eb &#8220;kuti krijimtarie&#8221; q\u00eb f\u00ebmija juaj t\u00eb krijoj\u00eb loj\u00ebra pa fund. N\u00ebse keni m\u00eb pak lodra q\u00eb punojn\u00eb s\u00eb bashku si mjete krijuese, ka m\u00ebnyra t\u00eb pafundme p\u00ebr t\u00eb luajtur. P\u00ebr shembull, blloqe druri t\u00eb tipit d\u00ebrras\u00eb me p\u00ebrmasa t\u00eb ndryshme, plus topa prej druri do ta lejojn\u00eb f\u00ebmij\u00ebn t\u00eb b\u00ebj\u00eb nj\u00eb vrapim me top. Nj\u00eb grup prej druri Lincoln Logs mund t\u00eb lejoj\u00eb nj\u00eb f\u00ebmij\u00eb t\u00eb b\u00ebj\u00eb nj\u00eb sht\u00ebpi, dyqan ose ferm\u00eb.<\/p><p><br \/>Pra, \u00e7far\u00eb \u00ebsht\u00eb nj\u00eb minimalist lod\u00ebr?<br \/>Minimalizmi i lodrave \u00ebsht\u00eb nj\u00eb l\u00ebvizje apo ide moderne. Pes\u00ebdhjet\u00eb vjet m\u00eb par\u00eb, f\u00ebmij\u00ebt nuk zot\u00ebronin aq shum\u00eb lodra (q\u00eb duheshin minimizuar). Shumica e gjysh\u00ebrve tan\u00eb kishin shum\u00eb pak lodra dhe ato q\u00eb kishin ishin t\u00eb dashura dhe t\u00eb dashura. A \u00ebsht\u00eb kjo nj\u00eb rast\u00ebsi? Kur kemi m\u00eb pak pasuri n\u00eb p\u00ebrgjith\u00ebsi, ato q\u00eb i duam v\u00ebrtet, jemi m\u00eb t\u00eb k\u00ebnaqur. Ekziston nj\u00eb e v\u00ebrtet\u00eb shkencore q\u00eb lidhet<\/p>\t\t\t\t\t\t<\/div>\n\t\t\t\t<\/div>\n\t\t\t\t\t<\/div>\n\t\t<\/div>\n\t\t\t\t<div class=\"elementor-column elementor-col-50 elementor-top-column elementor-element elementor-element-8c50556\" data-id=\"8c50556\" data-element_type=\"column\">\n\t\t\t<div class=\"elementor-widget-wrap elementor-element-populated\">\n\t\t\t\t\t\t\t\t<div class=\"vamtam-has-theme-widget-styles elementor-element elementor-element-eaa50a9 elementor-widget elementor-widget-image\" data-id=\"eaa50a9\" data-element_type=\"widget\" data-widget_type=\"image.default\">\n\t\t\t\t<div class=\"elementor-widget-container\">\n\t\t\t<style>\/*! elementor - v3.16.0 - 20-09-2023 *\/\n.elementor-widget-image{text-align:center}.elementor-widget-image a{display:inline-block}.elementor-widget-image a img[src$=\".svg\"]{width:48px}.elementor-widget-image img{vertical-align:middle;display:inline-block}<\/style>\t\t\t\t<div class=\"elementor-image\">\n\t\t\t\t\t\t\t\t\t\t\t\t\t\t\t\t\t\t\t\t\t<img loading=\"lazy\" decoding=\"async\" width=\"1745\" height=\"2560\" src=\"https:\/\/lujduj.al\/wp-content\/uploads\/2023\/10\/1000016452-scaled.jpg\" class=\"attachment-full size-full wp-image-987965\" alt=\"\" srcset=\"https:\/\/lujduj.al\/wp-content\/uploads\/2023\/10\/1000016452-scaled.jpg 1745w, https:\/\/lujduj.al\/wp-content\/uploads\/2023\/10\/1000016452-204x300.jpg 204w, https:\/\/lujduj.al\/wp-content\/uploads\/2023\/10\/1000016452-698x1024.jpg 698w, https:\/\/lujduj.al\/wp-content\/uploads\/2023\/10\/1000016452-768x1127.jpg 768w, https:\/\/lujduj.al\/wp-content\/uploads\/2023\/10\/1000016452-1047x1536.jpg 1047w, https:\/\/lujduj.al\/wp-content\/uploads\/2023\/10\/1000016452-1396x2048.jpg 1396w, https:\/\/lujduj.al\/wp-content\/uploads\/2023\/10\/1000016452-1260x1849.jpg 1260w, https:\/\/lujduj.al\/wp-content\/uploads\/2023\/10\/1000016452-630x924.jpg 630w, https:\/\/lujduj.al\/wp-content\/uploads\/2023\/10\/1000016452-64x94.jpg 64w\" sizes=\"auto, (max-width: 1745px) 100vw, 1745px\" \/>\t\t\t\t\t\t\t\t\t\t\t\t\t\t\t\t\t\t\t\t\t\t\t\t<\/div>\n\t\t\t\t\t\t<\/div>\n\t\t\t\t<\/div>\n\t\t\t\t<div class=\"vamtam-has-theme-widget-styles elementor-element elementor-element-ec74851 elementor-absolute elementor-widget elementor-widget-image\" data-id=\"ec74851\" data-element_type=\"widget\" data-settings=\"{&quot;_position&quot;:&quot;absolute&quot;}\" data-widget_type=\"image.default\">\n\t\t\t\t<div class=\"elementor-widget-container\">\n\t\t\t\t\t\t\t<div class=\"elementor-image\">\n\t\t\t\t\t\t\t\t\t\t\t\t\t\t\t\t\t\t\t\t\t<img loading=\"lazy\" decoding=\"async\" width=\"1196\" height=\"2560\" src=\"https:\/\/lujduj.al\/wp-content\/uploads\/2023\/10\/1000016446-scaled.jpg\" class=\"attachment-full size-full wp-image-987966\" alt=\"\" srcset=\"https:\/\/lujduj.al\/wp-content\/uploads\/2023\/10\/1000016446-scaled.jpg 1196w, https:\/\/lujduj.al\/wp-content\/uploads\/2023\/10\/1000016446-140x300.jpg 140w, https:\/\/lujduj.al\/wp-content\/uploads\/2023\/10\/1000016446-478x1024.jpg 478w, https:\/\/lujduj.al\/wp-content\/uploads\/2023\/10\/1000016446-768x1645.jpg 768w, https:\/\/lujduj.al\/wp-content\/uploads\/2023\/10\/1000016446-717x1536.jpg 717w, https:\/\/lujduj.al\/wp-content\/uploads\/2023\/10\/1000016446-1260x2698.jpg 1260w, https:\/\/lujduj.al\/wp-content\/uploads\/2023\/10\/1000016446-630x1349.jpg 630w, https:\/\/lujduj.al\/wp-content\/uploads\/2023\/10\/1000016446-64x137.jpg 64w\" sizes=\"auto, (max-width: 1196px) 100vw, 1196px\" \/>\t\t\t\t\t\t\t\t\t\t\t\t\t\t\t\t\t\t\t\t\t\t\t\t<\/div>\n\t\t\t\t\t\t<\/div>\n\t\t\t\t<\/div>\n\t\t\t\t<div class=\"vamtam-has-theme-widget-styles elementor-element elementor-element-72cb125 elementor-absolute elementor-widget elementor-widget-image\" data-id=\"72cb125\" data-element_type=\"widget\" data-settings=\"{&quot;_position&quot;:&quot;absolute&quot;}\" data-widget_type=\"image.default\">\n\t\t\t\t<div class=\"elementor-widget-container\">\n\t\t\t\t\t\t\t<div class=\"elementor-image\">\n\t\t\t\t\t\t\t\t\t\t\t\t\t\t\t\t\t\t\t\t\t<img loading=\"lazy\" decoding=\"async\" width=\"59\" height=\"66\" src=\"https:\/\/lujduj.al\/wp-content\/uploads\/2022\/05\/Oval-red.svg\" class=\"attachment-full size-full wp-image-2847\" alt=\"\" \/>\t\t\t\t\t\t\t\t\t\t\t\t\t\t\t\t\t\t\t\t\t\t\t\t<\/div>\n\t\t\t\t\t\t<\/div>\n\t\t\t\t<\/div>\n\t\t\t\t<div class=\"vamtam-has-theme-widget-styles elementor-element elementor-element-fa9eb87 elementor-absolute elementor-widget elementor-widget-image\" data-id=\"fa9eb87\" data-element_type=\"widget\" data-settings=\"{&quot;_position&quot;:&quot;absolute&quot;}\" data-widget_type=\"image.default\">\n\t\t\t\t<div class=\"elementor-widget-container\">\n\t\t\t\t\t\t\t<div class=\"elementor-image\">\n\t\t\t\t\t\t\t\t\t\t\t\t\t\t\t\t\t\t\t\t\t<img loading=\"lazy\" decoding=\"async\" width=\"85\" height=\"83\" src=\"https:\/\/lujduj.al\/wp-content\/uploads\/2022\/05\/path.svg\" class=\"attachment-full size-full wp-image-2850\" alt=\"\" \/>\t\t\t\t\t\t\t\t\t\t\t\t\t\t\t\t\t\t\t\t\t\t\t\t<\/div>\n\t\t\t\t\t\t<\/div>\n\t\t\t\t<\/div>\n\t\t\t\t\t<\/div>\n\t\t<\/div>\n\t\t\t\t\t\t\t<\/div>\n\t\t<\/section>\n\t\t\t\t\t\t\t<\/div>\n\t\t","protected":false},"excerpt":{"rendered":"<p>Lodrat prej druri jan\u00eb m\u00eb t\u00eb mira! 5 arsyet kryesore p\u00ebr t\u00eb ndryshuar&#8230; Ka disa arsye pse lodrat prej druri mund t\u00eb konsiderohen m\u00eb t\u00eb mira se lodrat plastike:Q\u00ebndrueshm\u00ebria: Lodrat prej druri jan\u00eb zakonisht m\u00eb t\u00eb q\u00ebndrueshme dhe m\u00eb jet\u00ebgjata se lodrat plastike, t\u00eb cilat mund t\u00eb thyhen ose konsumohen m\u00eb leht\u00eb. Kjo do t\u00eb&#8230;<\/p>\n","protected":false},"author":1,"featured_media":987961,"parent":0,"menu_order":0,"comment_status":"closed","ping_status":"closed","template":"","meta":{"footnotes":""},"class_list":["post-3625","page","type-page","status-publish","has-post-thumbnail","hentry"],"_links":{"self":[{"href":"https:\/\/lujduj.al\/index.php?rest_route=\/wp\/v2\/pages\/3625","targetHints":{"allow":["GET"]}}],"collection":[{"href":"https:\/\/lujduj.al\/index.php?rest_route=\/wp\/v2\/pages"}],"about":[{"href":"https:\/\/lujduj.al\/index.php?rest_route=\/wp\/v2\/types\/page"}],"author":[{"embeddable":true,"href":"https:\/\/lujduj.al\/index.php?rest_route=\/wp\/v2\/users\/1"}],"replies":[{"embeddable":true,"href":"https:\/\/lujduj.al\/index.php?rest_route=%2Fwp%2Fv2%2Fcomments&post=3625"}],"version-history":[{"count":6,"href":"https:\/\/lujduj.al\/index.php?rest_route=\/wp\/v2\/pages\/3625\/revisions"}],"predecessor-version":[{"id":987970,"href":"https:\/\/lujduj.al\/index.php?rest_route=\/wp\/v2\/pages\/3625\/revisions\/987970"}],"wp:featuredmedia":[{"embeddable":true,"href":"https:\/\/lujduj.al\/index.php?rest_route=\/wp\/v2\/media\/987961"}],"wp:attachment":[{"href":"https:\/\/lujduj.al\/index.php?rest_route=%2Fwp%2Fv2%2Fmedia&parent=3625"}],"curies":[{"name":"wp","href":"https:\/\/api.w.org\/{rel}","templated":true}]}}